{"id":175,"date":"2015-12-31T14:03:07","date_gmt":"2015-12-31T13:03:07","guid":{"rendered":"http:\/\/www.dorotheadesmarowitz.de\/?page_id=175"},"modified":"2024-10-23T16:06:13","modified_gmt":"2024-10-23T14:06:13","slug":"impressum","status":"publish","type":"page","link":"https:\/\/www.dorotheadesmarowitz.de\/?page_id=175","title":{"rendered":"Impressum"},"content":{"rendered":"<h2>Haftungsbeschr\u00e4nkung<\/h2>\n<p class=\"bodytext\">Die Inhalte dieser Website werden mit gr\u00f6\u00dftm\u00f6glicher Sorgfalt erstellt. Der Anbieter \u00fcbernimmt jedoch keine Gew\u00e4hr f\u00fcr die Richtigkeit, Vollst\u00e4ndigkeit und Aktualit\u00e4t der bereitgestellten Inhalte. Die Nutzung der Inhalte der Website erfolgt auf eigene Gefahr des Nutzers. Namentlich gekennzeichnete Beitr\u00e4ge geben die Meinung des jeweiligen Autors und nicht immer die Meinung des Anbieters wieder. Mit der reinen Nutzung der Website des Anbieters kommt keinerlei Vertragsverh\u00e4ltnis zwischen dem Nutzer und dem Anbieter zustande.<\/p>\n<h2>Urheberrechtshinweis<\/h2>\n<p class=\"bodytext\">Sofern bei den Artikeln oder Bildern nicht ausdr\u00fccklich ein anderer Autor genannt ist, liegen die Urheberrechte bei Dorothea Desmarowitz. Texte und Illustrationen d\u00fcrfen nur mit ausdr\u00fccklicher Genehmigung des Autors kopiert und anderweitig verwendet werden.<\/p>\n<p class=\"bodytext\">Gestaltung und Realisation der Website: Franz Gauerke<\/p>\n<p>Dorothea Desmarowitz<br \/>\nLooge 16a<br \/>\n22927 Gro\u00dfhansdorf<\/p>\n<p><a href=\"mailto:Info@DorotheaDesmarowitz.de\"><u>Info@DorotheaDesmarowitz.de<\/u><\/a><\/p>\n<p>Steuernummer: 30\/051\/61270<\/p>\n","protected":false},"excerpt":{"rendered":"<p>Haftungsbeschr\u00e4nkung Die Inhalte dieser Website werden mit gr\u00f6\u00dftm\u00f6glicher Sorgfalt erstellt. Der Anbieter \u00fcbernimmt jedoch keine Gew\u00e4hr f\u00fcr die Richtigkeit, Vollst\u00e4ndigkeit und Aktualit\u00e4t der bereitgestellten Inhalte. Die Nutzung der Inhalte der Website erfolgt auf eigene Gefahr des Nutzers. Namentlich gekennzeichnete Beitr\u00e4ge &hellip; <a href=\"https:\/\/www.dorotheadesmarowitz.de\/?page_id=175\">Weiterlesen <span class=\"meta-nav\">&rarr;<\/span><\/a><\/p>\n","protected":false},"author":1,"featured_media":0,"parent":0,"menu_order":0,"comment_status":"closed","ping_status":"closed","template":"","meta":{"ngg_post_thumbnail":0,"footnotes":""},"class_list":["post-175","page","type-page","status-publish","hentry"],"_links":{"self":[{"href":"https:\/\/www.dorotheadesmarowitz.de\/index.php?rest_route=\/wp\/v2\/pages\/175","targetHints":{"allow":["GET"]}}],"collection":[{"href":"https:\/\/www.dorotheadesmarowitz.de\/index.php?rest_route=\/wp\/v2\/pages"}],"about":[{"href":"https:\/\/www.dorotheadesmarowitz.de\/index.php?rest_route=\/wp\/v2\/types\/page"}],"author":[{"embeddable":true,"href":"https:\/\/www.dorotheadesmarowitz.de\/index.php?rest_route=\/wp\/v2\/users\/1"}],"replies":[{"embeddable":true,"href":"https:\/\/www.dorotheadesmarowitz.de\/index.php?rest_route=%2Fwp%2Fv2%2Fcomments&post=175"}],"version-history":[{"count":7,"href":"https:\/\/www.dorotheadesmarowitz.de\/index.php?rest_route=\/wp\/v2\/pages\/175\/revisions"}],"predecessor-version":[{"id":304,"href":"https:\/\/www.dorotheadesmarowitz.de\/index.php?rest_route=\/wp\/v2\/pages\/175\/revisions\/304"}],"wp:attachment":[{"href":"https:\/\/www.dorotheadesmarowitz.de\/index.php?rest_route=%2Fwp%2Fv2%2Fmedia&parent=175"}],"curies":[{"name":"wp","href":"https:\/\/api.w.org\/{rel}","templated":true}]}}