{"id":2,"date":"2015-12-09T03:33:20","date_gmt":"2015-12-09T03:33:20","guid":{"rendered":"http:\/\/wp44m.a10-52-158-154.qa.plesk.ru\/wordpress\/?page_id=2"},"modified":"2024-10-23T16:05:02","modified_gmt":"2024-10-23T14:05:02","slug":"sample-page","status":"publish","type":"page","link":"https:\/\/www.dorotheadesmarowitz.de\/","title":{"rendered":"\u00dcber"},"content":{"rendered":"<p>Nach dem Studium in Hamburg an der Hochschule f\u00fcr Bildende K\u00fcnste Zeichnen und Freie Malerei bei Rudolf Hausner ( Mitbegr\u00fcnder der \u201eWiener Schule des phantastischen Realismus\u201c) folgte eine Qualifikation zur Fachlehrerin f\u00fcr musische F\u00e4cher &#8211;&nbsp; Lehrt\u00e4tigkeit nur kurz.<\/p>\n<p>Seit 1977 selbstst\u00e4ndige Illustratorin, Autorin und Herausgeberin f\u00fcr Kinderb\u00fccher und Anthologien. Bevorzugte Themen sind Volksm\u00e4rchen und R\u00e4tselreime, sowie das Kinderkochen \u201eSchritt f\u00fcr Schritt\u201c.<\/p>\n<p>Technik: feine Aquarellmalerei, kolorierte Federzeichnung, manchmal Gouache und Airbrush.<\/p>\n<p>2006-2023 Dozentin mit dem VHS- Kurs \u201e Realistische Zeichnung und Aquarellmalerei\u201c, sowie Zeichnen mit Schulkindern.<\/p>\n<p>Lebt in Gro\u00dfhansdorf am Stadtrand Hamburgs mit ihrem Mann, dem K\u00fcnstler Hinrich Gauerke, gro\u00dfem Atelier, sch\u00f6nem Garten. Der gemeinsame Sohn ist erwachsen.<\/p>\n<p>&nbsp;<\/p>\n","protected":false},"excerpt":{"rendered":"<p>Nach dem Studium in Hamburg an der Hochschule f\u00fcr Bildende K\u00fcnste Zeichnen und Freie Malerei bei Rudolf Hausner ( Mitbegr\u00fcnder der \u201eWiener Schule des phantastischen Realismus\u201c) folgte eine Qualifikation zur Fachlehrerin f\u00fcr musische F\u00e4cher &#8211;&nbsp; Lehrt\u00e4tigkeit nur kurz. Seit 1977 &hellip; <a href=\"https:\/\/www.dorotheadesmarowitz.de\/\">Weiterlesen <span class=\"meta-nav\">&rarr;<\/span><\/a><\/p>\n","protected":false},"author":1,"featured_media":0,"parent":0,"menu_order":0,"comment_status":"closed","ping_status":"open","template":"","meta":{"ngg_post_thumbnail":0,"footnotes":""},"class_list":["post-2","page","type-page","status-publish","hentry"],"_links":{"self":[{"href":"https:\/\/www.dorotheadesmarowitz.de\/index.php?rest_route=\/wp\/v2\/pages\/2","targetHints":{"allow":["GET"]}}],"collection":[{"href":"https:\/\/www.dorotheadesmarowitz.de\/index.php?rest_route=\/wp\/v2\/pages"}],"about":[{"href":"https:\/\/www.dorotheadesmarowitz.de\/index.php?rest_route=\/wp\/v2\/types\/page"}],"author":[{"embeddable":true,"href":"https:\/\/www.dorotheadesmarowitz.de\/index.php?rest_route=\/wp\/v2\/users\/1"}],"replies":[{"embeddable":true,"href":"https:\/\/www.dorotheadesmarowitz.de\/index.php?rest_route=%2Fwp%2Fv2%2Fcomments&post=2"}],"version-history":[{"count":15,"href":"https:\/\/www.dorotheadesmarowitz.de\/index.php?rest_route=\/wp\/v2\/pages\/2\/revisions"}],"predecessor-version":[{"id":303,"href":"https:\/\/www.dorotheadesmarowitz.de\/index.php?rest_route=\/wp\/v2\/pages\/2\/revisions\/303"}],"wp:attachment":[{"href":"https:\/\/www.dorotheadesmarowitz.de\/index.php?rest_route=%2Fwp%2Fv2%2Fmedia&parent=2"}],"curies":[{"name":"wp","href":"https:\/\/api.w.org\/{rel}","templated":true}]}}